{"id":114,"date":"2018-01-20T17:56:11","date_gmt":"2018-01-20T16:56:11","guid":{"rendered":"http:\/\/svatba.terkamartin.cz\/?page_id=114"},"modified":"2018-01-29T13:54:02","modified_gmt":"2018-01-29T12:54:02","slug":"harmonogram-dne","status":"publish","type":"page","link":"https:\/\/terkamartin.cz\/?page_id=114","title":{"rendered":"Harmonogram dne"},"content":{"rendered":"<div id=\"pl-114\"  class=\"panel-layout\" ><div id=\"pg-114-0\"  class=\"panel-grid panel-has-style\" ><div style=\"padding: 100px 0; \" data-overlay=\"true\" class=\"panel-row-style panel-row-style-for-114-0\" ><div id=\"pgc-114-0-0\"  class=\"panel-grid-cell\" ><div id=\"panel-114-0-0-0\" class=\"so-panel widget widget_sow-editor panel-first-child panel-last-child\" data-index=\"0\" ><div style=\"text-align: left;\" data-title-color=\"#443f3f\" data-headings-color=\"#443f3f\" class=\"panel-widget-style panel-widget-style-for-114-0-0-0\" ><div\n\t\t\t\n\t\t\tclass=\"so-widget-sow-editor so-widget-sow-editor-base\"\n\t\t\t\n\t\t>\n<div class=\"siteorigin-widget-tinymce textwidget\">\n\t<p style=\"text-align: center;\">11:30<\/p>\n<p style=\"text-align: center;\">sj\u00ed\u017ed\u011bn\u00ed host\u016f, kte\u0159\u00ed jsou\u00a0ubytov\u00e1ni v are\u00e1lu H\u00e1lova ml\u00fdna<\/p>\n<p style=\"text-align: center;\">12:00<\/p>\n<p style=\"text-align: center;\">p\u0159\u00edjezd v\u0161ech svatebn\u00edho host\u016f, myrthov\u00e1n\u00ed, drobn\u00e9 ob\u010derstven\u00ed a n\u00e1poje, v\u00edt\u00e1n\u00ed, seznamov\u00e1n\u00ed a dal\u0161\u00ed radosti<\/p>\n<p style=\"text-align: center;\">\u00a013:00<\/p>\n<p style=\"text-align: center;\">venkovn\u00ed ob\u0159ad<\/p>\n<p style=\"text-align: center;\">13:30<\/p>\n<p style=\"text-align: center;\">gratulace novoman\u017eel\u016fm, spole\u010dn\u00e1 fotografie (pros\u00edm po ob\u0159adu nikam neut\u00edkejte, fotograf n\u00e1s zorganizuje), men\u0161\u00ed focen\u00ed ve skupink\u00e1ch s nejbli\u017e\u0161\u00ed rodinou a sv\u011bdky<\/p>\n<p style=\"text-align: center;\">15:00<\/p>\n<p style=\"text-align: center;\">slavnostn\u00ed ob\u011bd, p\u0159\u00edpitky a kamar\u00e1di, kte\u0159\u00ed nejdou na svatebn\u00ed hostinu, se mohou ob\u010derstvit prost\u0159ednictv\u00edm piknikov\u00fdch ko\u0161\u016f, p\u0159\u00edpadn\u011b se dodate\u010dn\u011b ubytovat, nav\u0161t\u00edvit hrad Veve\u0159\u00ed a pot\u00e9 dorazit od 17 hodin na ve\u010dern\u00ed raut a z\u00e1bavu<\/p>\n<p style=\"text-align: center;\">16:00<\/p>\n<p style=\"text-align: center;\">focen\u00ed novoman\u017eel\u016f\u00a0a ostatn\u00ed se budou moci z\u00fa\u010dastnit z\u00e1bavn\u00e9ho focen\u00ed v na\u0161em fotokoutku<\/p>\n<p style=\"text-align: center;\">17:00<\/p>\n<p style=\"text-align: center;\">ve\u010dern\u00ed raut zah\u00e1j\u00edme kr\u00e1jen\u00edm dortu, proto\u017ee odte\u010f v\u0161em kon\u010d\u00ed dieta<\/p>\n<p style=\"text-align: center;\">18:00<\/p>\n<p style=\"text-align: center;\">jeliko\u017e jsme velmi dob\u0159\u00ed tane\u010dn\u00edci, tak ve\u010dern\u00ed p\u00e1rty zah\u00e1j\u00edme prvn\u00edm novoman\u017eelsk\u00fdm tancem,<\/p>\n<p style=\"text-align: center;\">posl\u00e9ze polet\u00ed kytka mezi vdavku chtiv\u00e9 kamar\u00e1dky, kter\u00e9 st\u00e1le v\u011b\u0159\u00ed, \u017ee to opravdu funguje<\/p>\n<p>\u00a0<\/p>\n<p style=\"text-align: center;\">Podle toho jak bude plynout z\u00e1bava, tak se m\u016f\u017eete t\u011b\u0161it na\u00a0novoman\u017eelsk\u00fd kv\u00edz, tombolu a mnoho dal\u0161\u00ed z\u00e1bavy.<\/p>\n<p style=\"text-align: center;\">\u010casy jsou orienta\u010dn\u00ed.<\/p>\n<p style=\"text-align: center;\">\u00a0<\/p>\n<\/div>\n<\/div><\/div><\/div><\/div><\/div><\/div><\/div>","protected":false},"excerpt":{"rendered":"<p>11:30 sj\u00ed\u017ed\u011bn\u00ed host\u016f, kte\u0159\u00ed jsou\u00a0ubytov\u00e1ni v are\u00e1lu H\u00e1lova ml\u00fdna 12:00 p\u0159\u00edjezd v\u0161ech svatebn\u00edho host\u016f, myrthov\u00e1n\u00ed, drobn\u00e9 ob\u010derstven\u00ed a n\u00e1poje, v\u00edt\u00e1n\u00ed, seznamov\u00e1n\u00ed a [&hellip;]<\/p>\n","protected":false},"author":2,"featured_media":0,"parent":0,"menu_order":0,"comment_status":"closed","ping_status":"closed","template":"","meta":{"ngg_post_thumbnail":0,"footnotes":""},"class_list":["post-114","page","type-page","status-publish","hentry"],"jetpack_sharing_enabled":true,"jetpack_shortlink":"https:\/\/wp.me\/PgiC6q-1Q","_links":{"self":[{"href":"https:\/\/terkamartin.cz\/index.php?rest_route=\/wp\/v2\/pages\/114","targetHints":{"allow":["GET"]}}],"collection":[{"href":"https:\/\/terkamartin.cz\/index.php?rest_route=\/wp\/v2\/pages"}],"about":[{"href":"https:\/\/terkamartin.cz\/index.php?rest_route=\/wp\/v2\/types\/page"}],"author":[{"embeddable":true,"href":"https:\/\/terkamartin.cz\/index.php?rest_route=\/wp\/v2\/users\/2"}],"replies":[{"embeddable":true,"href":"https:\/\/terkamartin.cz\/index.php?rest_route=%2Fwp%2Fv2%2Fcomments&post=114"}],"version-history":[{"count":22,"href":"https:\/\/terkamartin.cz\/index.php?rest_route=\/wp\/v2\/pages\/114\/revisions"}],"predecessor-version":[{"id":432,"href":"https:\/\/terkamartin.cz\/index.php?rest_route=\/wp\/v2\/pages\/114\/revisions\/432"}],"wp:attachment":[{"href":"https:\/\/terkamartin.cz\/index.php?rest_route=%2Fwp%2Fv2%2Fmedia&parent=114"}],"curies":[{"name":"wp","href":"https:\/\/api.w.org\/{rel}","templated":true}]}}