{"id":1670,"date":"2018-07-31T07:58:45","date_gmt":"2018-07-31T05:58:45","guid":{"rendered":"http:\/\/svatba.terkamartin.cz\/?page_id=1670"},"modified":"2023-02-10T13:18:11","modified_gmt":"2023-02-10T12:18:11","slug":"ahoj-kamaradi-2","status":"publish","type":"page","link":"https:\/\/terkamartin.cz\/","title":{"rendered":"Ahoj kamar\u00e1di"},"content":{"rendered":"<div id=\"pl-1670\"  class=\"panel-layout\" ><div id=\"pg-1670-0\"  class=\"panel-grid panel-has-style\" ><div style=\"padding: 100px 0; \" data-overlay=\"true\" class=\"panel-row-style panel-row-style-for-1670-0\" ><div id=\"pgc-1670-0-0\"  class=\"panel-grid-cell\" ><div id=\"panel-1670-0-0-0\" class=\"so-panel widget widget_sow-editor panel-first-child\" data-index=\"0\" ><div style=\"text-align: left;\" data-title-color=\"#443f3f\" data-headings-color=\"#443f3f\" class=\"panel-widget-style panel-widget-style-for-1670-0-0-0\" ><div\n\t\t\t\n\t\t\tclass=\"so-widget-sow-editor so-widget-sow-editor-base\"\n\t\t\t\n\t\t>\n<div class=\"siteorigin-widget-tinymce textwidget\">\n\t<p style=\"text-align: center;\"><span style=\"font-size: 21.3333px;\">Kone\u010dn\u011b jsme pro v\u00e1s p\u0159ipravili galerii se svatebn\u00edmi fotkami a kr\u00e1tk\u00fdm videem. Ke shl\u00e9dnut\u00ed v <a href=\"https:\/\/terkamartin.cz\/?page_id=2\" rel=\"noopener\">galerii<\/a>.<\/span><\/p>\n<p style=\"text-align: center;\"><span style=\"font-size: 16pt;\">Terka &amp; Martin<\/span><\/p>\n<\/div>\n<\/div><\/div><\/div><div id=\"panel-1670-0-0-1\" class=\"so-panel widget widget_sow-button panel-last-child\" data-index=\"1\" ><div style=\"text-align: left;\" data-title-color=\"#443f3f\" data-headings-color=\"#443f3f\" class=\"panel-widget-style panel-widget-style-for-1670-0-0-1\" ><div\n\t\t\t\n\t\t\tclass=\"so-widget-sow-button so-widget-sow-button-flat-477daa31e79f-1670\"\n\t\t\t\n\t\t><div class=\"ow-button-base ow-button-align-center\"\n>\n\t\t\t<a\n\t\t\t\t\thref=\"https:\/\/terkamartin.cz\/?page_id=2\"\n\t\t\t\t\tclass=\"sowb-button ow-icon-placement-left ow-button-hover\" \t>\n\t\t<span>\n\t\t\t\n\t\t\tOTEV\u0158\u00cdT GALERII\t\t<\/span>\n\t\t\t<\/a>\n\t<\/div>\n<\/div><\/div><\/div><\/div><\/div><\/div><div id=\"pg-1670-1\"  class=\"panel-grid panel-has-style\" ><div style=\"padding: 100px 0; \" data-overlay=\"true\" data-overlay-color=\"#000000\" class=\"panel-row-style panel-row-style-for-1670-1\" ><div id=\"pgc-1670-1-0\"  class=\"panel-grid-cell\" ><div id=\"panel-1670-1-0-0\" class=\"so-panel widget widget_sow-editor panel-first-child panel-last-child\" data-index=\"2\" ><div style=\"text-align: left;\" data-title-color=\"#443f3f\" data-headings-color=\"#443f3f\" class=\"panel-widget-style panel-widget-style-for-1670-1-0-0\" ><div\n\t\t\t\n\t\t\tclass=\"so-widget-sow-editor so-widget-sow-editor-base\"\n\t\t\t\n\t\t>\n<div class=\"siteorigin-widget-tinymce textwidget\">\n\t<audio class=\"wp-audio-shortcode\" id=\"audio-1670-1\" loop autoplay preload=\"none\" style=\"width: 100%;\" controls=\"controls\"><source type=\"audio\/mpeg\" src=\"https:\/\/terkamartin.cz\/wp-content\/uploads\/2018\/01\/Indila_-_06_-_Run_Run.mp3?_=1\" \/><a href=\"https:\/\/terkamartin.cz\/wp-content\/uploads\/2018\/01\/Indila_-_06_-_Run_Run.mp3\">https:\/\/terkamartin.cz\/wp-content\/uploads\/2018\/01\/Indila_-_06_-_Run_Run.mp3<\/a><\/audio>\n<\/div>\n<\/div><\/div><\/div><\/div><\/div><\/div><\/div>","protected":false},"excerpt":{"rendered":"<p>Kone\u010dn\u011b jsme pro v\u00e1s p\u0159ipravili galerii se svatebn\u00edmi fotkami a kr\u00e1tk\u00fdm videem. Ke shl\u00e9dnut\u00ed v galerii. Terka &amp; Martin<\/p>\n","protected":false},"author":1,"featured_media":0,"parent":0,"menu_order":0,"comment_status":"closed","ping_status":"closed","template":"page-templates\/page_fullwidth.php","meta":{"ngg_post_thumbnail":0,"footnotes":""},"class_list":["post-1670","page","type-page","status-publish","hentry"],"jetpack_sharing_enabled":true,"jetpack_shortlink":"https:\/\/wp.me\/PgiC6q-qW","_links":{"self":[{"href":"https:\/\/terkamartin.cz\/index.php?rest_route=\/wp\/v2\/pages\/1670","targetHints":{"allow":["GET"]}}],"collection":[{"href":"https:\/\/terkamartin.cz\/index.php?rest_route=\/wp\/v2\/pages"}],"about":[{"href":"https:\/\/terkamartin.cz\/index.php?rest_route=\/wp\/v2\/types\/page"}],"author":[{"embeddable":true,"href":"https:\/\/terkamartin.cz\/index.php?rest_route=\/wp\/v2\/users\/1"}],"replies":[{"embeddable":true,"href":"https:\/\/terkamartin.cz\/index.php?rest_route=%2Fwp%2Fv2%2Fcomments&post=1670"}],"version-history":[{"count":25,"href":"https:\/\/terkamartin.cz\/index.php?rest_route=\/wp\/v2\/pages\/1670\/revisions"}],"predecessor-version":[{"id":1801,"href":"https:\/\/terkamartin.cz\/index.php?rest_route=\/wp\/v2\/pages\/1670\/revisions\/1801"}],"wp:attachment":[{"href":"https:\/\/terkamartin.cz\/index.php?rest_route=%2Fwp%2Fv2%2Fmedia&parent=1670"}],"curies":[{"name":"wp","href":"https:\/\/api.w.org\/{rel}","templated":true}]}}